{"id":3,"date":"2022-02-19T02:45:27","date_gmt":"2022-02-19T02:45:27","guid":{"rendered":"https:\/\/sprechbohrer.de\/?page_id=3"},"modified":"2022-02-26T14:10:05","modified_gmt":"2022-02-26T14:10:05","slug":"privacy-policy","status":"publish","type":"page","link":"https:\/\/sprechbohrer.de\/?page_id=3","title":{"rendered":"Datenschutzerkl\u00e4rung"},"content":{"rendered":"\n<h2 class=\"wp-block-heading\"><strong>\u00a7 1 Allgemeines<\/strong><\/h2>\n\n\n\n<p>Ihre personenbezogenen Daten (z.B. Anrede, Name, Anschrift, E-Mail-Adresse, Telefonnummer) werden von uns nur gem\u00e4\u00df den Bestimmungen des deutschen Datenschutzrechts und des Datenschutzrechts der Europ\u00e4ischen Union (EU) verarbeitet. Die nachfolgenden Vorschriften informieren Sie neben den Verarbeitungszwecken, Rechtsgrundlagen, Empf\u00e4ngern, Speicherfristen auch \u00fcber Ihre Rechte und den Verantwortlichen f\u00fcr Ihre Datenverarbeitung. Diese Datenschutzerkl\u00e4rung bezieht sich nur auf unsere Websites. Falls Sie \u00fcber Links auf unseren Seiten auf andere Seiten weitergeleitet werden, informieren Sie sich bitte dort \u00fcber den jeweiligen Umgang mit Ihren Daten.<\/p>\n\n\n\n<h2 class=\"wp-block-heading\"><strong>\u00a7 2 Kontaktaufnahme<\/strong><\/h2>\n\n\n\n<p><strong>(1) Verarbeitungszweck<\/strong> <\/p>\n\n\n\n<p>Ihre personenbezogenen Daten, die Sie uns per E-Mail, Kontaktformular etc. zur Verf\u00fcgung stellen, verarbeiten wir zur Beantwortung und Erledigung Ihrer Anfragen. Sie sind nicht verpflichtet, uns Ihre personenbezogenen Daten bereitzustellen. Aber ohne Mitteilung Ihrer E-Mail Adresse k\u00f6nnen wir Ihnen auch nicht per E-Mail antworten.<\/p>\n\n\n\n<p><strong>(2) Rechtsgrundlagen<\/strong><\/p>\n\n\n\n<p>a) Sollten Sie uns eine ausdr\u00fcckliche Einwilligung zur Verarbeitung Ihrer Daten gegeben haben, ist Art. 6 Abs. 1a) DSGVO die Rechtsgrundlage f\u00fcr diese Verarbeitung. <\/p>\n\n\n\n<p>b) Sollten wir Ihre Daten zur Durchf\u00fchrung vorvertraglicher Ma\u00dfnahmen verarbeiten, ist Art. 6 Abs. 1b) DSGVO die Rechtsgrundlage. <\/p>\n\n\n\n<p>c) In allen anderen F\u00e4llen (insbesondere bei Nutzung eines Kontaktformulars) ist Art. 6 Abs. 1f) DSGVO die Rechtsgrundlage.<\/p>\n\n\n\n<p>WIDERSPRUCHSRECHT: Sie haben das Recht,<strong> der Datenverarbeitung die auf der Grundlage des Art. 6 Abs. 1 f) DSGVO erfolgt und nicht der Direktwerbung dient aus Gr\u00fcnden, die sich aus Ihrer besonderen<\/strong> <strong>Situation ergeben, jederzeit zu widersprechen. Im Falle der Direktwerbung k\u00f6nnen Sie der Verarbeitung hingegen ohne Angabe von Gr\u00fcnden jederzeit widersprechen.<\/strong><\/p>\n\n\n\n<p><strong>(3) Berechtigtes Interesse<\/strong><\/p>\n\n\n\n<p>Unser berechtigtes Interesse an der Verarbeitung besteht darin, mit Ihnen auf schnellem Wege zu kommunizieren und Ihre Anfragen kosteng\u00fcnstig zu beantworten. Wenn Sie uns Ihre Anschrift mitteilen, behalten wir uns vor, diese f\u00fcr postalische Direktwerbung zu verwenden. Ihr Interesse am Datenschutz k\u00f6nnen Sie durch eine sparsame Datenweitergabe (z.B. Verwendung eines Pseudonyms) wahren.<\/p>\n\n\n\n<p><strong>(4) Empf\u00e4ngerkategorien<\/strong><\/p>\n\n\n\n<p>Hostinganbieter, Versanddienstleister bei Direktwerbung<\/p>\n\n\n\n<p><strong>(5) Speicherdauer<\/strong> <\/p>\n\n\n\n<p>Ihre Daten werden gel\u00f6scht, wenn sich aus den Umst\u00e4nden entnehmen l\u00e4sst, dass Ihre Anfrage bzw. der betroffene Sachverhalt abschlie\u00dfend gekl\u00e4rt ist. Falls es jedoch zu einem Vertragsschluss kommt, werden die nach Handels- und Steuerrecht erforderlichen Daten von uns f\u00fcr die gesetzlich bestimmten Zeitr\u00e4ume aufbewahrt, also regelm\u00e4\u00dfig zehn Jahre (vgl. \u00a7 257 HGB, \u00a7 147 AO).<\/p>\n\n\n\n<p><strong>(6) Widerrufsrecht<\/strong> <\/p>\n\n\n\n<p>Sie haben im Fall der Verarbeitung aufgrund Ihrer Einwilligung das Recht, Ihre Einwilligung jederzeit zu widerrufen.<\/p>\n\n\n\n<h2 class=\"wp-block-heading\">\u00a7 3 Kommentare<\/h2>\n\n\n\n<p><strong>(1) Verarbeitungszweck<\/strong><\/p>\n\n\n\n<p>Es besteht die M\u00f6glichkeit einen Kommentar zu verfassen. Ihre Daten (z.\u00a0B. Name\/Pseudonym, E-Mail-Adresse, Website) werden dann nur f\u00fcr den Zweck der Ver\u00f6ffentlichung Ihres Kommentars verarbeitet.<\/p>\n\n\n\n<p><strong>(2) Rechtsgrundlage<\/strong><\/p>\n\n\n\n<p>Rechtsgrundlage f\u00fcr diese Verarbeitung ist Art.\u00a06 Abs.\u00a01f) DSGVO.<\/p>\n\n\n\n<p><strong>(3) Berechtigtes Interesse<\/strong><\/p>\n\n\n\n<p>Unser berechtigtes Interesse ist der \u00f6ffentliche Austausch von Nutzermeinungen zu bestimmten Themen und Produkten. Die Ver\u00f6ffentlichung dient u.a. der Transparenz und Meinungsbildung. Ihr Interesse am Datenschutz bleibt gewahrt, da Sie Ihren Kommentar unter einem Pseudonym ver\u00f6ffentlichen k\u00f6nnen.<\/p>\n\n\n\n<p><strong>(4) Speicherdauer<\/strong><\/p>\n\n\n\n<p>Eine bestimmte Speicherdauer ist nicht vorgesehen. Sie k\u00f6nnen jederzeit die L\u00f6schung Ihres Kommentars verlangen.<\/p>\n\n\n\n<p><strong>(5) Widerspruchsrecht<\/strong><\/p>\n\n\n\n<p><strong>Sie haben das Recht, der Datenverarbeitung die auf der Grundlage des Art.&nbsp;6 Abs.&nbsp;1f) DSGVO erfolgt und nicht der Direktwerbung dient aus Gr\u00fcnden, die sich aus Ihrer besonderen Situation ergeben, jederzeit zu widersprechen.<\/strong><\/p>\n\n\n\n<p><strong>Im Falle der Direktwerbung k\u00f6nnen Sie der Verarbeitung hingegen ohne Angabe von Gr\u00fcnden jederzeit widersprechen.<\/strong><\/p>\n\n\n\n<h2 class=\"wp-block-heading\">\u00a7 4 Informationen \u00fcber Cookies<\/h2>\n\n\n\n<p><strong>(1) Verarbeitungszweck<\/strong><\/p>\n\n\n\n<p>Auf dieser Webseite werden technisch notwendige Cookies eingesetzt. Es handelt sich dabei um kleine Textdateien, die in bzw. von Ihrem Internetbrowser auf Ihrem Computersystem gespeichert werden.<\/p>\n\n\n\n<p><strong>(2) Rechtsgrundlage<\/strong><\/p>\n\n\n\n<p>Rechtsgrundlage f\u00fcr diese Verarbeitung ist Art.\u00a06 Abs.\u00a01f) DSGVO.<\/p>\n\n\n\n<p><strong>(3) Berechtigtes Interesse<\/strong><\/p>\n\n\n\n<p>Unser berechtigtes Interesse ist die Funktionsf\u00e4higkeit unserer Webseite. Die durch technisch notwendige Cookies erhobenen Nutzerdaten werden nicht zur Erstellung von Nutzerprofilen verwendet. Dadurch wird Ihr Interesse am Datenschutz gewahrt.<\/p>\n\n\n\n<p><strong>(4) Speicherdauer<\/strong><\/p>\n\n\n\n<p>Die technisch notwendigen Cookies werden im Regelfall mit dem Schlie\u00dfen des Browsers gel\u00f6scht. Dauerhaft gespeicherte Cookies haben eine unterschiedlich lange Lebensdauer von einigen Minuten bis zu mehreren Jahren.<\/p>\n\n\n\n<p><strong>(5) WIDERSPRUCHSRECHT<\/strong><\/p>\n\n\n\n<p><strong>Falls Sie die Speicherung dieser Cookies nicht w\u00fcnschen, deaktivieren Sie bitte die Annahme dieser Cookies in Ihrem Internetbrowser. Dies kann aber eine Funktionseinschr\u00e4nkung unserer Webseite zur Folge haben. Dauerhaft gespeicherte Cookies k\u00f6nnen Sie ebenfalls jederzeit \u00fcber Ihren Browser l\u00f6schen.<\/strong><\/p>\n\n\n\n<h2 class=\"wp-block-heading\">\u00a7 5 Social Plugins<\/h2>\n\n\n\n<p>(1) Wir verwenden Social Plugins von facebook.com, betrieben durch Facebook Inc., 1601 S. California Ave, Palo Alto, CA 94304, USA. Die Plugins sind an dem Facebook Logo oder dem Zusatz &#8222;<em>Facebook Social Plugin<\/em>&#8220; zu erkennen. Wenn Sie z.\u00a0B. den &#8222;<em>Gef\u00e4llt mir<\/em>&#8220; Button anklicken oder einen Kommentar abgeben, wird die entsprechende Information von Ihrem Browser direkt an Facebook \u00fcbermittelt und dort gespeichert. Weiterhin macht Facebook Ihre Vorlieben f\u00fcr Ihre Facebook-Freunde \u00f6ffentlich. Sind Sie bei Facebook eingeloggt, kann Facebook den Aufruf unserer Seite Ihrem Facebook-Konto direkt zuordnen. Auch wenn Sie nicht eingeloggt sind oder gar kein Facebook-Konto besitzen, \u00fcbermittelt Ihr Browser Informationen (z.\u00a0B. welche Website Sie aufgerufen haben, Ihre IP-Adresse), die von Facebook gespeichert werden. Details zum Umgang mit Ihren pers\u00f6nlichen Daten durch Facebook sowie Ihren diesbez\u00fcglichen Rechten entnehmen Sie bitte den Datenschutzhinweisen von\u00a0<a href=\"https:\/\/de-de.facebook.com\/about\/privacy\">Facebook<\/a>. Wenn Sie nicht m\u00f6chten, dass Facebook die \u00fcber unsere Websites \u00fcber Sie gesammelten Daten Ihrem Facebook-Konto zuordnet, m\u00fcssen Sie sich vor Ihrem Besuch unserer Websites bei Facebook ausloggen. Sie k\u00f6nnen das Laden der Facebook Plugins auch mit Add-Ons f\u00fcr Ihren Browser komplett verhindern, z.\u00a0B. mit dem &#8222;<em>Facebook Blocker<\/em>&#8220; (Facebook).<\/p>\n\n\n\n<p>(2) Wir verwenden mit Twitter und den Re-Tweet-Funktionen sog. &#8222;<em>Social Plugins<\/em>&#8220; von twitter.com, betrieben durch die Twitter Inc. 795 Folsom St., Suite 600, San Francisco, CA 94107, USA. Die Plugins sind mit einem Twitter-Logo wie z.\u00a0B. dem blauen &#8222;Twitter-Vogel&#8220; gekennzeichnet. Wenn Sie die Re-Tweet Funktionen nutzen, werden die von Ihnen besuchten Websites Dritten bekanntgegeben und mit Ihrem Twitter-Account verbunden. Details zum Umgang mit Ihren Daten durch Twitter sowie zu Ihren Rechten und Einstellungsm\u00f6glichkeiten zum Schutz Ihrer pers\u00f6nlichen Daten k\u00f6nnen Sie den Datenschutzhinweisen von\u00a0<a href=\"http:\/\/twitter.com\/privacy\">Twitter<\/a>\u00a0entnehmen. Wenn Sie nicht m\u00f6chten, dass Twitter die \u00fcber unseren Webauftritt gesammelten Daten unmittelbar Ihrem Twitter-Account zuordnet, m\u00fcssen Sie sich vor Ihrem Besuch unserer Website bei Twitter ausloggen. Sie k\u00f6nnen das Laden der Twitter Plugins auch mit Add-Ons f\u00fcr Ihren Browser komplett verhindern, z.\u00a0B. mit dem Skript-Blocker (NoScript).<\/p>\n\n\n\n<p>(3) Wir verwenden Plugins von YouTube, Instagram, Soundcloud. Die Plugins sind an ihrem jeweiligen Logo zu erkennen. Wenn Sie den Button anklicken, wird die entsprechende Information direkt an das entsprechende Unternehmen \u00fcbermittelt und dort gespeichert. Details zum Umgang mit Ihren pers\u00f6nlichen Daten durch diese Unternehmen sowie Ihren diesbez\u00fcglichen Rechten entnehmen Sie bitte den Datenschutzhinweisen von YouTube, Instagram, Soundcloud.\u00a0<\/p>\n\n\n\n<h2 class=\"wp-block-heading\"><strong>\u00a7 6 Newsletter<\/strong><\/h2>\n\n\n\n<p><strong>(1) Verarbeitungszweck<\/strong><\/p>\n\n\n\n<p>Bei Anmeldung zum Newsletter wird Ihre E-Mail-Adresse f\u00fcr Werbezwecke genutzt, d.h. im Rahmen des Newsletters informieren wir Sie insbesondere \u00fcber Produkte aus unserem Sortiment. Zu statistischen Zwecken k\u00f6nnen wir auswerten, welche Links im Newsletter geklickt werden. Dabei ist f\u00fcr uns nicht erkennbar, welche konkrete Person geklickt hat. Die nachstehende Einwilligung haben Sie gesondert oder ggf. im Verlauf des Bestellprozesses ausdr\u00fccklich erteilt: Newsletter abonnieren. <\/p>\n\n\n\n<p><strong>(2) Rechtsgrundlage<\/strong> <\/p>\n\n\n\n<p>Rechtsgrundlage f\u00fcr diese Verarbeitung ist Art. 6 Abs. 1 a) DSGVO.<\/p>\n\n\n\n<p><strong>(3) Empf\u00e4ngerkategorien<\/strong> <\/p>\n\n\n\n<p>ggf. Newsletterversandanbieter. <\/p>\n\n\n\n<p>(<strong>4) Speicherdauer<\/strong> <\/p>\n\n\n\n<p>Ihre E-Mail-Adresse wird f\u00fcr den Newsletter-Versand nur f\u00fcr die Dauer der gew\u00fcnschten Anmeldung gespeichert.<\/p>\n\n\n\n<p><strong>(5) Widerrufsrecht<\/strong> <\/p>\n\n\n\n<p>Ihre Einwilligung k\u00f6nnen Sie jederzeit mit Wirkung f\u00fcr die Zukunft widerrufen. Wenn Sie den Newsletter nicht weiter beziehen wollen, dann k\u00f6nnen Sie sich folgenderma\u00dfen abmelden: per E-Mail<\/p>\n\n\n\n<h2 class=\"wp-block-heading\"><strong>\u00a7 7 Ihre Rechte als betroffene Person<\/strong><\/h2>\n\n\n\n<p>Werden personenbezogene Daten von Ihnen verarbeitet, sind Sie Betroffener i.S.d. DSGVO und es stehen Ihnen folgende Rechte uns gegen\u00fcber zu:<\/p>\n\n\n\n<ul class=\"wp-block-list\"><li>1. Recht auf Auskunft <\/li><\/ul>\n\n\n\n<p>Sie k\u00f6nnen im Rahmen des Art.\u00a015 DSGVO Auskunft \u00fcber Ihre von uns verarbeiteten personenbezogenen Daten verlangen.<\/p>\n\n\n\n<ul class=\"wp-block-list\"><li>2. Recht auf Berichtigung <\/li><\/ul>\n\n\n\n<p>Sollten die Sie betreffenden Angaben nicht (mehr) zutreffend sein, k\u00f6nnen Sie nach Art.\u00a016 DSGVO eine Berichtigung verlangen. Sollten Ihre Daten unvollst\u00e4ndig sein, k\u00f6nnen Sie eine Vervollst\u00e4ndigung verlangen.<\/p>\n\n\n\n<ul class=\"wp-block-list\"><li>3. Recht auf L\u00f6schung<\/li><\/ul>\n\n\n\n<p>Sie k\u00f6nnen unter den Bedingungen des Art.\u00a017 DSGVO die L\u00f6schung Ihrer personenbezogenen Daten verlangen.<\/p>\n\n\n\n<ul class=\"wp-block-list\"><li>4. Recht auf Einschr\u00e4nkung der Verarbeitung<\/li><\/ul>\n\n\n\n<p>Sie haben im Rahmen der Vorgaben des Art.\u00a018 DSGVO das Recht, eine Einschr\u00e4nkung der Verarbeitung der Sie betreffenden Daten zu verlangen.<\/p>\n\n\n\n<ul class=\"wp-block-list\"><li>5. Recht auf Daten\u00fcbertragbarkeit <\/li><\/ul>\n\n\n\n<p>Sie haben nach Art.\u00a020 DSGVO das Recht, die Sie betreffenden personenbezogenen Daten, die Sie uns bereitgestellt haben, in einem strukturierten, g\u00e4ngigen und maschinenlesbaren Format zu erhalten oder die \u00dcbermittlung an einen anderen Verantwortlichen zu verlangen.<\/p>\n\n\n\n<ul class=\"wp-block-list\"><li><strong>6. Recht auf Widerruf der datenschutzrechtlichen Einwilligungserkl\u00e4rung<\/strong><\/li><\/ul>\n\n\n\n<p>Sie haben nach Art.\u00a07 Abs.\u00a03 DSGVO das Recht, Ihre datenschutzrechtliche Einwilligungserkl\u00e4rung jederzeit zu widerrufen. Die Rechtm\u00e4\u00dfigkeit der aufgrund der Einwilligung bis zum Widerruf erfolgten Verarbeitung wird dadurch nicht ber\u00fchrt.<\/p>\n\n\n\n<ul class=\"wp-block-list\"><li>7. Recht auf Beschwerde bei einer Aufsichtsbeh\u00f6rde<\/li><\/ul>\n\n\n\n<p>Wenn Sie der Ansicht sind, dass die Verarbeitung der Sie betreffenden personenbezogenen Daten gegen die DSGVO verst\u00f6\u00dft, steht Ihnen nach Art.\u00a077 DSGVO das Recht auf Beschwerde bei einer Aufsichtsbeh\u00f6rde (insbesondere in dem Mitgliedstaat ihres Aufenthaltsorts, ihres Arbeitsplatzes oder des Orts des mutma\u00dflichen Versto\u00dfes) zu.<\/p>\n\n\n\n<p><strong>Bitte beachten Sie auch Ihr Widerspruchsrecht nach Art.\u00a021 DSGVO:<\/strong><\/p>\n\n\n\n<p><strong>a) Allgemein: begr\u00fcndeter Widerspruch erforderlich<\/strong><\/p>\n\n\n\n<p><strong>Erfolgt die Verarbeitung Sie betreffender personenbezogener Daten&nbsp;<\/strong><\/p>\n\n\n\n<p><strong>&#8211; zur Wahrung unseres \u00fcberwiegenden berechtigten Interesses (Rechtsgrundlage nach Art.&nbsp;6 Abs.&nbsp;1f) DSGVO) oder<\/strong><\/p>\n\n\n\n<p><strong>&#8211; im \u00f6ffentlichen Interesse (Rechtsgrundlage nach Art.&nbsp;6 Abs.&nbsp;1e) DSGVO),&nbsp;<\/strong><\/p>\n\n\n\n<p><strong>haben Sie das Recht, jederzeit aus Gr\u00fcnden, die sich aus Ihrer besonderen Situation ergeben, gegen die Verarbeitung Widerspruch einzulegen; dies gilt auch f\u00fcr ein auf die Bestimmungen der DSGVO gest\u00fctztes Profiling.<\/strong><\/p>\n\n\n\n<p><strong>Im Fall des Widerspruchs verarbeiten wir die Sie betreffenden personenbezogenen Daten nicht mehr, es sei denn, wir k\u00f6nnen zwingende schutzw\u00fcrdige Gr\u00fcnde f\u00fcr die Verarbeitung nachweisen, die Ihre Interessen, Rechte und Freiheiten \u00fcberwiegen, oder die Verarbeitung dient der Geltendmachung, Aus\u00fcbung oder Verteidigung von Rechtsanspr\u00fcchen.<\/strong><\/p>\n\n\n\n<p><strong>b) Sonderfall Direktwerbung: einfacher Widerspruch gen\u00fcgt<\/strong><\/p>\n\n\n\n<p><strong>Werden die Sie betreffenden personenbezogenen Daten verarbeitet, um Direktwerbung zu betreiben, haben Sie das Recht, jederzeit und ohne Angabe von Gr\u00fcnden Widerspruch gegen diese Verarbeitung einzulegen; dies gilt auch f\u00fcr das Profiling, soweit es mit solcher Direktwerbung in Verbindung steht.<\/strong><\/p>\n\n\n\n<p><strong>Widersprechen Sie der Verarbeitung f\u00fcr Zwecke der Direktwerbung, so werden die Sie betreffenden personenbezogenen Daten nicht mehr f\u00fcr diese Zwecke verarbeitet.<\/strong><\/p>\n\n\n\n<p>Verantwortlicher f\u00fcr die Datenverarbeitung: <\/p>\n\n\n\n<p>Dr. Georg Sachse Erikaweg 10 51107 K\u00f6ln Telefon: +49221866376 georg.sachse@sachse-musik.de \/ georg.sachse@sprechbohrer.de <\/p>\n\n\n\n<p>Diese Datenschutzerkl\u00e4rung wurde erstellt und wird aktualisiert mit der Technologie der\u00a0<a href=\"https:\/\/www.datenschutz-janolaw.de\/\">janolaw AG<\/a>.<\/p>\n\n\n\n<h2 class=\"wp-block-heading\">Haftungsausschluss (Disclaimer)<\/h2>\n\n\n\n<p><strong>Haftung f\u00fcr Inhalte<\/strong><\/p>\n\n\n\n<p>Als Diensteanbieter sind wir gem\u00e4\u00df \u00a7 7 Abs.1 TMG f\u00fcr eigene Inhalte auf diesen Seiten nach den allgemeinen Gesetzen verantwortlich. Nach \u00a7\u00a7 8 bis 10 TMG sind wir als Diensteanbieter jedoch nicht verpflichtet, \u00fcbermittelte oder gespeicherte fremde Informationen zu \u00fcberwachen oder nach Umst\u00e4nden zu forschen, die auf eine rechtswidrige T\u00e4tigkeit hinweisen. Verpflichtungen zur Entfernung oder Sperrung der Nutzung von Informationen nach den allgemeinen Gesetzen bleiben hiervon unber\u00fchrt. Eine diesbez\u00fcgliche Haftung ist jedoch erst ab dem Zeitpunkt der Kenntnis einer konkreten Rechtsverletzung m\u00f6glich. Bei Bekanntwerden von entsprechenden Rechtsverletzungen werden wir diese Inhalte umgehend entfernen.<\/p>\n\n\n\n<p><strong>Haftung f\u00fcr Links<\/strong><\/p>\n\n\n\n<p>Unser Angebot enth\u00e4lt Links zu externen Webseiten Dritter, auf deren Inhalte wir keinen Einfluss haben. Deshalb k\u00f6nnen wir f\u00fcr diese fremden Inhalte auch keine Gew\u00e4hr \u00fcbernehmen. F\u00fcr die Inhalte der verlinkten Seiten ist stets der jeweilige Anbieter oder Betreiber der Seiten verantwortlich. Die verlinkten Seiten wurden zum Zeitpunkt der Verlinkung auf m\u00f6gliche Rechtsverst\u00f6\u00dfe \u00fcberpr\u00fcft. Rechtswidrige Inhalte waren zum Zeitpunkt der Verlinkung nicht erkennbar. Eine permanente inhaltliche Kontrolle der verlinkten Seiten ist jedoch ohne konkrete Anhaltspunkte einer Rechtsverletzung nicht zumutbar. Bei Bekanntwerden von Rechtsverletzungen werden wir derartige Links umgehend entfernen.<\/p>\n\n\n\n<p><strong>Urheberrecht<\/strong><\/p>\n\n\n\n<p>Die durch die Seitenbetreiber erstellten Inhalte und Werke auf diesen Seiten unterliegen dem deutschen Urheberrecht. Die Vervielf\u00e4ltigung, Bearbeitung, Verbreitung und jede Art der Verwertung au\u00dferhalb der Grenzen des Urheberrechtes bed\u00fcrfen der schriftlichen Zustimmung des jeweiligen Autors bzw. Erstellers. Downloads und Kopien dieser Seite sind nur f\u00fcr den privaten, nicht kommerziellen Gebrauch gestattet. Soweit die Inhalte auf dieser Seite nicht vom Betreiber erstellt wurden, werden die Urheberrechte Dritter beachtet. Insbesondere werden Inhalte Dritter als solche gekennzeichnet. Sollten Sie trotzdem auf eine Urheberrechtsverletzung aufmerksam werden, bitten wir um einen entsprechenden Hinweis. Bei Bekanntwerden von Rechtsverletzungen werden wir derartige Inhalte umgehend entfernen.<\/p>\n\n\n\n<p>Quelle:&nbsp;<em><a href=\"http:\/\/www.e-recht24.de\/impressum-generator.html\">http:\/\/www.e-recht24.de<\/a><\/em><\/p>\n\n\n\n<p>Alle Rechte vorbehalten.&nbsp;<\/p>\n\n\n\n<p>Ohne das Einverst\u00e4ndnis des Urhebers sind Sie nicht berechtigt, Inhalte der Website zu vervielf\u00e4ltigen, ver\u00e4ndern, kopieren, ver\u00f6ffentlichen, nachzubilden oder auf sonst irgendeine Art und Weise zu nutzen. F\u00fcr verlinkte Inhalte wird nicht gehaftet.&nbsp;<\/p>\n\n\n\n<p>Angaben gem\u00e4\u00df \u00a7 5 TMG \/ Verantwortlich nach $ 55 Abs. 2 RStV:<br>Inhalte: Georg Sachse, K\u00f6ln<\/p>\n\n\n\n<p><strong>Nutzung von YouTube im erweiterten Datenschutzmodus<\/strong><\/p>\n\n\n\n<p>Wir setzen zum Einbinden von Videos den Anbieter YouTube ein. Die Videos wurden dabei im erweiterten Datenschutzmodus eingebettet. Wie die meisten Websites verwendet aber auch YouTube Cookies, um Informationen \u00fcber die Besucher ihrer Internetseite zu sammeln. YouTube verwendet diese unter anderem zur Erfassung von Videostatistiken, zur Vermeidung von Betrug und zur Verbesserung der Userfreundlichkeit. Auch f\u00fchrt dies zu einer Verbindungsaufnahme mit dem Google DoubleClick Netzwerk. Wenn Sie das Video starten, k\u00f6nnte dies weitere Datenverarbeitungsvorg\u00e4nge ausl\u00f6sen. Darauf haben wir keinen Einfluss. Weitere Informationen \u00fcber Datenschutz bei YouTube finden Sie in deren Datenschutzerkl\u00e4rung unter: http:\/\/www.youtube.com\/t\/privacy_at_youtube<\/p>\n\n\n\n<p>Quelle:&nbsp;<em><a href=\"https:\/\/www.projekt29.de\/youtube-videos-datenschutzkonform-einbinden\/\">https:\/\/www.projekt29.de<\/a><\/em><\/p>\n","protected":false},"excerpt":{"rendered":"<p>\u00a7 1 Allgemeines Ihre personenbezogenen Daten (z.B. Anrede, Name, Anschrift, E-Mail-Adresse, Telefonnummer) werden von uns nur gem\u00e4\u00df den Bestimmungen des deutschen Datenschutzrechts und des Datenschutzrechts der Europ\u00e4ischen Union (EU) verarbeitet. [&hellip;]<\/p>\n","protected":false},"author":1,"featured_media":0,"parent":0,"menu_order":0,"comment_status":"closed","ping_status":"closed","template":"","meta":{"footnotes":""},"class_list":["post-3","page","type-page","status-publish","hentry"],"jetpack_sharing_enabled":true,"_links":{"self":[{"href":"https:\/\/sprechbohrer.de\/index.php?rest_route=\/wp\/v2\/pages\/3","targetHints":{"allow":["GET"]}}],"collection":[{"href":"https:\/\/sprechbohrer.de\/index.php?rest_route=\/wp\/v2\/pages"}],"about":[{"href":"https:\/\/sprechbohrer.de\/index.php?rest_route=\/wp\/v2\/types\/page"}],"author":[{"embeddable":true,"href":"https:\/\/sprechbohrer.de\/index.php?rest_route=\/wp\/v2\/users\/1"}],"replies":[{"embeddable":true,"href":"https:\/\/sprechbohrer.de\/index.php?rest_route=%2Fwp%2Fv2%2Fcomments&post=3"}],"version-history":[{"count":4,"href":"https:\/\/sprechbohrer.de\/index.php?rest_route=\/wp\/v2\/pages\/3\/revisions"}],"predecessor-version":[{"id":204,"href":"https:\/\/sprechbohrer.de\/index.php?rest_route=\/wp\/v2\/pages\/3\/revisions\/204"}],"wp:attachment":[{"href":"https:\/\/sprechbohrer.de\/index.php?rest_route=%2Fwp%2Fv2%2Fmedia&parent=3"}],"curies":[{"name":"wp","href":"https:\/\/api.w.org\/{rel}","templated":true}]}}